{"id":12,"date":"2020-10-06T08:32:07","date_gmt":"2020-10-06T11:32:07","guid":{"rendered":"http:\/\/bmclocadora.com.br\/bmc\/?page_id=12"},"modified":"2022-01-13T13:37:14","modified_gmt":"2022-01-13T16:37:14","slug":"home","status":"publish","type":"page","link":"https:\/\/bmclocadora.com.br\/bmc\/","title":{"rendered":"Home"},"content":{"rendered":"\n<section class=\"wp-block-uagb-section uagb-section__wrap uagb-section__background-image uagb-block-9da43b46\"><div class=\"uagb-section__overlay\"><\/div><div class=\"uagb-section__inner-wrap\">\n<div class=\"wp-block-uagb-info-box uagb-infobox__outer-wrap uagb-block-32b3701b\"><div class=\"uagb-infobox__content-wrap uagb-infobox uagb-infobox-has-icon uagb-infobox-icon-above-title uagb-infobox-image-valign-top uagb-infobox-enable-border-radius \"><div class=\"uagb-ifb-left-right-wrap\"><div class=\"uagb-ifb-content\"><div class=\"uagb-ifb-image-icon-content uagb-ifb-imgicon-wrap\"><div class=\"uagb-ifb-icon-wrap\"><span class=\"uagb-ifb-icon\"><svg xmlns=\"http:\/\/www.w3.org\/2000\/svg\" viewbox=\"0 0 640 512\"><path d=\"M512.1 191l-8.2 14.3c-3 5.3-9.4 7.5-15.1 5.4-11.8-4.4-22.6-10.7-32.1-18.6-4.6-3.8-5.8-10.5-2.8-15.7l8.2-14.3c-6.9-8-12.3-17.3-15.9-27.4h-16.5c-6 0-11.2-4.3-12.2-10.3-2-12-2.1-24.6 0-37.1 1-6 6.2-10.4 12.2-10.4h16.5c3.6-10.1 9-19.4 15.9-27.4l-8.2-14.3c-3-5.2-1.9-11.9 2.8-15.7 9.5-7.9 20.4-14.2 32.1-18.6 5.7-2.1 12.1.1 15.1 5.4l8.2 14.3c10.5-1.9 21.2-1.9 31.7 0L552 6.3c3-5.3 9.4-7.5 15.1-5.4 11.8 4.4 22.6 10.7 32.1 18.6 4.6 3.8 5.8 10.5 2.8 15.7l-8.2 14.3c6.9 8 12.3 17.3 15.9 27.4h16.5c6 0 11.2 4.3 12.2 10.3 2 12 2.1 24.6 0 37.1-1 6-6.2 10.4-12.2 10.4h-16.5c-3.6 10.1-9 19.4-15.9 27.4l8.2 14.3c3 5.2 1.9 11.9-2.8 15.7-9.5 7.9-20.4 14.2-32.1 18.6-5.7 2.1-12.1-.1-15.1-5.4l-8.2-14.3c-10.4 1.9-21.2 1.9-31.7 0zm-10.5-58.8c38.5 29.6 82.4-14.3 52.8-52.8-38.5-29.7-82.4 14.3-52.8 52.8zM386.3 286.1l33.7 16.8c10.1 5.8 14.5 18.1 10.5 29.1-8.9 24.2-26.4 46.4-42.6 65.8-7.4 8.9-20.2 11.1-30.3 5.3l-29.1-16.8c-16 13.7-34.6 24.6-54.9 31.7v33.6c0 11.6-8.3 21.6-19.7 23.6-24.6 4.2-50.4 4.4-75.9 0-11.5-2-20-11.9-20-23.6V418c-20.3-7.2-38.9-18-54.9-31.7L74 403c-10 5.8-22.9 3.6-30.3-5.3-16.2-19.4-33.3-41.6-42.2-65.7-4-10.9.4-23.2 10.5-29.1l33.3-16.8c-3.9-20.9-3.9-42.4 0-63.4L12 205.8c-10.1-5.8-14.6-18.1-10.5-29 8.9-24.2 26-46.4 42.2-65.8 7.4-8.9 20.2-11.1 30.3-5.3l29.1 16.8c16-13.7 34.6-24.6 54.9-31.7V57.1c0-11.5 8.2-21.5 19.6-23.5 24.6-4.2 50.5-4.4 76-.1 11.5 2 20 11.9 20 23.6v33.6c20.3 7.2 38.9 18 54.9 31.7l29.1-16.8c10-5.8 22.9-3.6 30.3 5.3 16.2 19.4 33.2 41.6 42.1 65.8 4 10.9.1 23.2-10 29.1l-33.7 16.8c3.9 21 3.9 42.5 0 63.5zm-117.6 21.1c59.2-77-28.7-164.9-105.7-105.7-59.2 77 28.7 164.9 105.7 105.7zm243.4 182.7l-8.2 14.3c-3 5.3-9.4 7.5-15.1 5.4-11.8-4.4-22.6-10.7-32.1-18.6-4.6-3.8-5.8-10.5-2.8-15.7l8.2-14.3c-6.9-8-12.3-17.3-15.9-27.4h-16.5c-6 0-11.2-4.3-12.2-10.3-2-12-2.1-24.6 0-37.1 1-6 6.2-10.4 12.2-10.4h16.5c3.6-10.1 9-19.4 15.9-27.4l-8.2-14.3c-3-5.2-1.9-11.9 2.8-15.7 9.5-7.9 20.4-14.2 32.1-18.6 5.7-2.1 12.1.1 15.1 5.4l8.2 14.3c10.5-1.9 21.2-1.9 31.7 0l8.2-14.3c3-5.3 9.4-7.5 15.1-5.4 11.8 4.4 22.6 10.7 32.1 18.6 4.6 3.8 5.8 10.5 2.8 15.7l-8.2 14.3c6.9 8 12.3 17.3 15.9 27.4h16.5c6 0 11.2 4.3 12.2 10.3 2 12 2.1 24.6 0 37.1-1 6-6.2 10.4-12.2 10.4h-16.5c-3.6 10.1-9 19.4-15.9 27.4l8.2 14.3c3 5.2 1.9 11.9-2.8 15.7-9.5 7.9-20.4 14.2-32.1 18.6-5.7 2.1-12.1-.1-15.1-5.4l-8.2-14.3c-10.4 1.9-21.2 1.9-31.7 0zM501.6 431c38.5 29.6 82.4-14.3 52.8-52.8-38.5-29.6-82.4 14.3-52.8 52.8z\"><\/path><\/svg><\/span><\/div><\/div><div class=\"uagb-ifb-title-wrap\"><span class=\"uagb-ifb-title-prefix\">Loca\u00e7\u00e3o &amp; Servi\u00e7os<\/span><h1 class=\"uagb-ifb-title\">BMC Locadora<\/h1><\/div><div class=\"uagb-ifb-separator-parent\"><div class=\"uagb-ifb-separator\"><\/div><\/div><div class=\"uagb-ifb-text-wrap\"><p class=\"uagb-ifb-desc\">Loca\u00e7\u00e3o de equipamentos para constru\u00e7\u00e3o civil<\/p><\/div><\/div><\/div><\/div><\/div>\n\n\n\n<p><\/p>\n<\/div><\/section>\n\n\n\n<section class=\"wp-block-uagb-columns uagb-columns__wrap uagb-columns__background-undefined uagb-columns__stack-mobile uagb-columns__valign-undefined uagb-columns__gap-10 alignundefined uagb-block-f56342d5\"><div class=\"uagb-columns__overlay\"><\/div><div class=\"uagb-columns__inner-wrap uagb-columns__columns-4\">\n<div class=\"wp-block-uagb-column uagb-column__wrap uagb-column__background-undefined uagb-block-9a92d104\"><div class=\"uagb-column__overlay\"><\/div><div class=\"uagb-column__inner-wrap\">\n<div class=\"wp-block-image\"><figure class=\"aligncenter size-large is-resized\"><a href=\"https:\/\/bmclocadora.com.br\/bmc\/produtos#bombas\"><img loading=\"lazy\" src=\"https:\/\/bmclocadora.com.br\/bmc\/wp-content\/uploads\/2020\/10\/b25-350x400-1.jpg\" alt=\"Bombas de argamassa\" class=\"wp-image-62\" width=\"304\" height=\"347\" srcset=\"https:\/\/bmclocadora.com.br\/bmc\/wp-content\/uploads\/2020\/10\/b25-350x400-1.jpg 350w, https:\/\/bmclocadora.com.br\/bmc\/wp-content\/uploads\/2020\/10\/b25-350x400-1-263x300.jpg 263w\" sizes=\"(max-width: 304px) 100vw, 304px\" \/><\/a><\/figure><\/div>\n\n\n\n<div class=\"wp-block-uagb-info-box uagb-infobox__outer-wrap uagb-block-8ea97954\"><div class=\"uagb-infobox__content-wrap uagb-infobox uagb-infobox-has-icon uagb-infobox-icon-above-title uagb-infobox-image-valign-top uagb-infobox-enable-border-radius \"><div class=\"uagb-ifb-left-right-wrap\"><div class=\"uagb-ifb-content\"><div class=\"uagb-ifb-title-wrap\"><h3 class=\"uagb-ifb-title\"><a href=\"https:\/\/bmclocadora.com.br\/bmc\/produtos\/#bombas\" data-type=\"URL\" data-id=\"https:\/\/bmclocadora.com.br\/bmc\/produtos\/#bombas\">Bombas de<br>argamassa<\/a><\/h3><\/div><div class=\"uagb-ifb-separator-parent\"><div class=\"uagb-ifb-separator\"><\/div><\/div><div class=\"uagb-ifb-text-wrap\"><p class=\"uagb-ifb-desc\">Para servi\u00e7os de proje\u00e7\u00e3o e inje\u00e7\u00e3o de argamassas industrializadas.<\/p><div class=\"uagb-ifb-cta uagb-infobox-cta-link-style\"><div class=\"uagb-ifb-button-wrapper\"><a href=\"https:\/\/bmclocadora.com.br\/bmc\/produtos#bombas\" class=\"uagb-infobox-cta-link uagb-ifb-cta-button\" target=\"_self\" rel=\"noopener noreferrer\"><span class=\"uagb-ifb-cta-content-wrapper\"><span class=\"uagb-inline-editing \">Saiba mais<\/span><\/span><\/a><\/div><\/div><\/div><\/div><\/div><\/div><\/div>\n<\/div><\/div>\n\n\n\n<div class=\"wp-block-uagb-column uagb-column__wrap uagb-column__background-undefined uagb-block-12b0e5c4\"><div class=\"uagb-column__overlay\"><\/div><div class=\"uagb-column__inner-wrap\">\n<div class=\"wp-block-image\"><figure class=\"aligncenter size-large\"><a href=\"https:\/\/bmclocadora.com.br\/bmc\/produtos#misturadores\"><img loading=\"lazy\" width=\"350\" height=\"400\" src=\"https:\/\/bmclocadora.com.br\/bmc\/wp-content\/uploads\/2020\/10\/m80-350x400-1.jpg\" alt=\"Misturadores de argamassa\" class=\"wp-image-68\" srcset=\"https:\/\/bmclocadora.com.br\/bmc\/wp-content\/uploads\/2020\/10\/m80-350x400-1.jpg 350w, https:\/\/bmclocadora.com.br\/bmc\/wp-content\/uploads\/2020\/10\/m80-350x400-1-263x300.jpg 263w\" sizes=\"(max-width: 350px) 100vw, 350px\" \/><\/a><\/figure><\/div>\n\n\n\n<div class=\"wp-block-uagb-info-box uagb-infobox__outer-wrap uagb-block-0adf1b45\"><div class=\"uagb-infobox__content-wrap uagb-infobox uagb-infobox-has-icon uagb-infobox-icon-above-title uagb-infobox-image-valign-top uagb-infobox-enable-border-radius \"><div class=\"uagb-ifb-left-right-wrap\"><div class=\"uagb-ifb-content\"><div class=\"uagb-ifb-title-wrap\"><h3 class=\"uagb-ifb-title\"><a href=\"https:\/\/bmclocadora.com.br\/bmc\/produtos\/#misturadores\" data-type=\"URL\" data-id=\"https:\/\/bmclocadora.com.br\/bmc\/produtos\/#misturadores\">Misturadores<br>de argamassa<\/a><\/h3><\/div><div class=\"uagb-ifb-separator-parent\"><div class=\"uagb-ifb-separator\"><\/div><\/div><div class=\"uagb-ifb-text-wrap\"><p class=\"uagb-ifb-desc\">Para diversos tipos de materiais presentes na obra.<\/p><div class=\"uagb-ifb-cta uagb-infobox-cta-link-style\"><div class=\"uagb-ifb-button-wrapper\"><a href=\"https:\/\/bmclocadora.com.br\/bmc\/produtos#misturadores\" class=\"uagb-infobox-cta-link uagb-ifb-cta-button\" target=\"_self\" rel=\"noopener noreferrer\"><span class=\"uagb-ifb-cta-content-wrapper\"><span class=\"uagb-inline-editing \">Saiba mais<\/span><\/span><\/a><\/div><\/div><\/div><\/div><\/div><\/div><\/div>\n<\/div><\/div>\n\n\n\n<div class=\"wp-block-uagb-column uagb-column__wrap uagb-column__background-undefined uagb-block-95d757ea\"><div class=\"uagb-column__overlay\"><\/div><div class=\"uagb-column__inner-wrap\">\n<div class=\"wp-block-image\"><figure class=\"aligncenter size-large\"><a href=\"https:\/\/bmclocadora.com.br\/bmc\/produtos#politrizes\"><img loading=\"lazy\" width=\"350\" height=\"400\" src=\"https:\/\/bmclocadora.com.br\/bmc\/wp-content\/uploads\/2020\/10\/p1-350x400-1.jpg\" alt=\"Politrizes de piso\" class=\"wp-image-69\" srcset=\"https:\/\/bmclocadora.com.br\/bmc\/wp-content\/uploads\/2020\/10\/p1-350x400-1.jpg 350w, https:\/\/bmclocadora.com.br\/bmc\/wp-content\/uploads\/2020\/10\/p1-350x400-1-263x300.jpg 263w\" sizes=\"(max-width: 350px) 100vw, 350px\" \/><\/a><\/figure><\/div>\n\n\n\n<div class=\"wp-block-uagb-info-box uagb-infobox__outer-wrap uagb-block-f7cc2774\"><div class=\"uagb-infobox__content-wrap uagb-infobox uagb-infobox-has-icon uagb-infobox-icon-above-title uagb-infobox-image-valign-top uagb-infobox-enable-border-radius \"><div class=\"uagb-ifb-left-right-wrap\"><div class=\"uagb-ifb-content\"><div class=\"uagb-ifb-title-wrap\"><h3 class=\"uagb-ifb-title\"><a href=\"https:\/\/bmclocadora.com.br\/bmc\/produtos\/#politrizes\" data-type=\"URL\" data-id=\"https:\/\/bmclocadora.com.br\/bmc\/produtos\/#politrizes\">Politrizes<br>de piso<\/a><\/h3><\/div><div class=\"uagb-ifb-separator-parent\"><div class=\"uagb-ifb-separator\"><\/div><\/div><div class=\"uagb-ifb-text-wrap\"><p class=\"uagb-ifb-desc\">Para servi\u00e7os de prepara\u00e7\u00e3o e limpeza de superf\u00edcies<\/p><div class=\"uagb-ifb-cta uagb-infobox-cta-link-style\"><div class=\"uagb-ifb-button-wrapper\"><a href=\"https:\/\/bmclocadora.com.br\/bmc\/produtos#politrizes\" class=\"uagb-infobox-cta-link uagb-ifb-cta-button\" target=\"_self\" rel=\"noopener noreferrer\"><span class=\"uagb-ifb-cta-content-wrapper\"><span class=\"uagb-inline-editing \">Saiba mais<\/span><\/span><\/a><\/div><\/div><\/div><\/div><\/div><\/div><\/div>\n<\/div><\/div>\n\n\n\n<div class=\"wp-block-uagb-column uagb-column__wrap uagb-column__background-undefined uagb-block-8afb9737\"><div class=\"uagb-column__overlay\"><\/div><div class=\"uagb-column__inner-wrap\">\n<div class=\"wp-block-image\"><figure class=\"aligncenter size-large\"><a href=\"https:\/\/bmclocadora.com.br\/bmc\/produtos#fresadoras\"><img loading=\"lazy\" width=\"350\" height=\"400\" src=\"https:\/\/bmclocadora.com.br\/bmc\/wp-content\/uploads\/2020\/10\/f20-350x400-1.jpg\" alt=\"Fresadoras de piso\" class=\"wp-image-67\" srcset=\"https:\/\/bmclocadora.com.br\/bmc\/wp-content\/uploads\/2020\/10\/f20-350x400-1.jpg 350w, https:\/\/bmclocadora.com.br\/bmc\/wp-content\/uploads\/2020\/10\/f20-350x400-1-263x300.jpg 263w\" sizes=\"(max-width: 350px) 100vw, 350px\" \/><\/a><\/figure><\/div>\n\n\n\n<div class=\"wp-block-uagb-info-box uagb-infobox__outer-wrap uagb-block-dbbad723\"><div class=\"uagb-infobox__content-wrap uagb-infobox uagb-infobox-has-icon uagb-infobox-icon-above-title uagb-infobox-image-valign-top uagb-infobox-enable-border-radius \"><div class=\"uagb-ifb-left-right-wrap\"><div class=\"uagb-ifb-content\"><div class=\"uagb-ifb-title-wrap\"><h3 class=\"uagb-ifb-title\"><a href=\"https:\/\/bmclocadora.com.br\/bmc\/produtos\/#fresadoras\" data-type=\"URL\" data-id=\"https:\/\/bmclocadora.com.br\/bmc\/produtos\/#fresadoras\">Fresadoras<br>de piso<\/a><\/h3><\/div><div class=\"uagb-ifb-separator-parent\"><div class=\"uagb-ifb-separator\"><\/div><\/div><div class=\"uagb-ifb-text-wrap\"><p class=\"uagb-ifb-desc\">Para servi\u00e7os de desbaste, limpeza, regulariza\u00e7\u00e3o, remo\u00e7\u00e3o e mais<\/p><div class=\"uagb-ifb-cta uagb-infobox-cta-link-style\"><div class=\"uagb-ifb-button-wrapper\"><a href=\"https:\/\/bmclocadora.com.br\/bmc\/produtos#fresadoras\" class=\"uagb-infobox-cta-link uagb-ifb-cta-button\" target=\"_self\" rel=\"noopener noreferrer\"><span class=\"uagb-ifb-cta-content-wrapper\"><span class=\"uagb-inline-editing \">Saiba mais<\/span><\/span><\/a><\/div><\/div><\/div><\/div><\/div><\/div><\/div>\n<\/div><\/div>\n<\/div><\/section>\n\n\n\n<div style=\"height:50px\" aria-hidden=\"true\" class=\"wp-block-spacer\"><\/div>\n\n\n\n<section class=\"wp-block-uagb-section uagb-section__wrap uagb-section__background-undefined uagb-block-d1af407d\"><div class=\"uagb-section__overlay\"><\/div><div class=\"uagb-section__inner-wrap\">\n<figure class=\"wp-block-embed is-type-video is-provider-youtube wp-block-embed-youtube wp-embed-aspect-16-9 wp-has-aspect-ratio\"><div class=\"wp-block-embed__wrapper\">\n<div class=\"ast-oembed-container\"><iframe loading=\"lazy\" title=\"Reboco projetado com bomba Betomaq\" width=\"500\" height=\"281\" src=\"https:\/\/www.youtube.com\/embed\/juCHqblw8UA?start=11&#038;feature=oembed\" frameborder=\"0\" allow=\"accelerometer; autoplay; clipboard-write; encrypted-media; gyroscope; picture-in-picture\" allowfullscreen><\/iframe><\/div>\n<\/div><\/figure>\n<\/div><\/section>\n\n\n\n<div style=\"height:50px\" aria-hidden=\"true\" class=\"wp-block-spacer\"><\/div>\n\n\n\n<section class=\"wp-block-uagb-section uagb-section__wrap uagb-section__background-color uagb-block-5a8cac9f\"><div class=\"uagb-section__overlay\"><\/div><div class=\"uagb-section__inner-wrap\">\n<div style=\"height:75px\" aria-hidden=\"true\" class=\"wp-block-spacer\"><\/div>\n\n\n\n<h2 class=\"has-text-align-center has-large-font-size\"><span class=\"has-inline-color has-white-color\">Loca\u00e7\u00e3o e manuten\u00e7\u00e3o de equipamentos<\/span><\/h2>\n\n\n\n<div style=\"height:50px\" aria-hidden=\"true\" class=\"wp-block-spacer\"><\/div>\n\n\n\n<p><span class=\"has-inline-color has-white-color\">A BMC Locadora \u00e9 parceira da Betomaq Industrial, e nossa equipe \u00e9 especializada na manuten\u00e7\u00e3o dos equipamentos da mesma. Consulte-nos para manuten\u00e7\u00e3o de outras marcas.<\/span><\/p>\n\n\n\n<p class=\"has-normal-font-size\"><span class=\"has-inline-color has-white-color\">Realizamos loca\u00e7\u00f5es por per\u00edodos <strong>Semanais, Quinzenais e Mensais<\/strong>.<\/span><\/p>\n\n\n\n<p><span class=\"has-inline-color has-white-color\">Preencha o formul\u00e1rio abaixo para solicitar um or\u00e7amento ou tirar suas d\u00favidas.<\/span><\/p>\n\n\n<div class=\"wpforms-container wpforms-container-full\" id=\"wpforms-110\"><form id=\"wpforms-form-110\" class=\"wpforms-validate wpforms-form\" data-formid=\"110\" method=\"post\" enctype=\"multipart\/form-data\" action=\"\/bmc\/wp-json\/wp\/v2\/pages\/12\" data-token=\"f2812a7baf3ecb52a527aecef82e4bbe\"><noscript class=\"wpforms-error-noscript\">Ative o JavaScript no seu navegador para preencher este formul\u00e1rio.<\/noscript><div class=\"wpforms-field-container\"><div id=\"wpforms-110-field_0-container\" class=\"wpforms-field wpforms-field-name\" data-field-id=\"0\"><label class=\"wpforms-field-label\" for=\"wpforms-110-field_0\">Nome <span class=\"wpforms-required-label\">*<\/span><\/label><div class=\"wpforms-field-row wpforms-field-medium\"><div class=\"wpforms-field-row-block wpforms-first wpforms-one-half\"><input type=\"text\" id=\"wpforms-110-field_0\" class=\"wpforms-field-name-first wpforms-field-required\" name=\"wpforms[fields][0][first]\" required><label for=\"wpforms-110-field_0\" class=\"wpforms-field-sublabel after \">Nome<\/label><\/div><div class=\"wpforms-field-row-block wpforms-one-half\"><input type=\"text\" id=\"wpforms-110-field_0-last\" class=\"wpforms-field-name-last wpforms-field-required\" name=\"wpforms[fields][0][last]\" required><label for=\"wpforms-110-field_0-last\" class=\"wpforms-field-sublabel after \">Sobrenome<\/label><\/div><\/div><\/div><div id=\"wpforms-110-field_3-container\" class=\"wpforms-field wpforms-field-text\" data-field-id=\"3\"><label class=\"wpforms-field-label\" for=\"wpforms-110-field_3\">Empresa <span class=\"wpforms-required-label\">*<\/span><\/label><input type=\"text\" id=\"wpforms-110-field_3\" class=\"wpforms-field-medium wpforms-field-required\" name=\"wpforms[fields][3]\" required><\/div><div id=\"wpforms-110-field_4-container\" class=\"wpforms-field wpforms-field-number\" data-field-id=\"4\"><label class=\"wpforms-field-label\" for=\"wpforms-110-field_4\">Telefone <span class=\"wpforms-required-label\">*<\/span><\/label><input type=\"number\" pattern=\"\\d*\" id=\"wpforms-110-field_4\" class=\"wpforms-field-medium wpforms-field-required\" name=\"wpforms[fields][4]\" required><\/div><div id=\"wpforms-110-field_1-container\" class=\"wpforms-field wpforms-field-email\" data-field-id=\"1\"><label class=\"wpforms-field-label\" for=\"wpforms-110-field_1\">E-mail <span class=\"wpforms-required-label\">*<\/span><\/label><input type=\"email\" id=\"wpforms-110-field_1\" class=\"wpforms-field-medium wpforms-field-required\" name=\"wpforms[fields][1]\" required><\/div><div id=\"wpforms-110-field_2-container\" class=\"wpforms-field wpforms-field-textarea\" data-field-id=\"2\"><label class=\"wpforms-field-label\" for=\"wpforms-110-field_2\">Coment\u00e1rio ou Mensagem <span class=\"wpforms-required-label\">*<\/span><\/label><textarea id=\"wpforms-110-field_2\" class=\"wpforms-field-medium wpforms-field-required\" name=\"wpforms[fields][2]\" required><\/textarea><\/div><\/div><div class=\"wpforms-submit-container\"><input type=\"hidden\" name=\"wpforms[id]\" value=\"110\"><input type=\"hidden\" name=\"wpforms[author]\" value=\"1\"><button type=\"submit\" name=\"wpforms[submit]\" id=\"wpforms-submit-110\" class=\"wpforms-submit\" data-alt-text=\"Enviando...\" data-submit-text=\"Enviar\" aria-live=\"assertive\" value=\"wpforms-submit\">Enviar<\/button><\/div><\/form><\/div>  <!-- .wpforms-container -->\n\n\n<div style=\"height:100px\" aria-hidden=\"true\" class=\"wp-block-spacer\"><\/div>\n<\/div><\/section>\n\n\n\n<div style=\"height:50px\" aria-hidden=\"true\" class=\"wp-block-spacer\"><\/div>\n\n\n\n<section class=\"wp-block-uagb-section uagb-section__wrap uagb-section__background-image uagb-block-a8d981ec\"><div class=\"uagb-section__overlay\"><\/div><div class=\"uagb-section__inner-wrap\">\n<div class=\"wp-block-image btqlogo\"><figure class=\"alignleft size-large is-resized\"><img loading=\"lazy\" src=\"https:\/\/bmclocadora.com.br\/bmc\/wp-content\/uploads\/2020\/10\/logo-betomaq-branco.png\" alt=\"Logo Betomaq Industrial\" class=\"wp-image-99\" width=\"256\" height=\"87\" srcset=\"https:\/\/bmclocadora.com.br\/bmc\/wp-content\/uploads\/2020\/10\/logo-betomaq-branco.png 512w, https:\/\/bmclocadora.com.br\/bmc\/wp-content\/uploads\/2020\/10\/logo-betomaq-branco-300x102.png 300w\" sizes=\"(max-width: 256px) 100vw, 256px\" \/><\/figure><\/div>\n\n\n\n<div class=\"wp-block-uagb-call-to-action uagb-cta__outer-wrap uagb-block-1f95c965\"><div class=\"uagb-cta__content-wrap uagb-cta__block uagb-cta__icon-position-right uagb-cta__content-right uagb-cta__content-stacked-mobile uagb-cta__button-valign-top \"><div class=\"uagb-cta__left-right-wrap\"><div class=\"uagb-cta__content\"><div class=\"uagb-cta__title-wrap\"><h3 class=\"uagb-cta__title\">Solu\u00e7\u00f5es para a sua obra<\/h3><\/div><div class=\"uagb-cta-text-wrap\"><p class=\"uagb-cta__desc\">Acesse o site da Betomaq Industrial e conhe\u00e7a o que h\u00e1 de mais avan\u00e7ado no setor da constru\u00e7\u00e3o civil.<\/p><\/div><\/div><div class=\"uagb-cta__link-wrapper uagb-cta__block-link-style\"><div class=\"uagb-cta__button-wrapper\"><a href=\"#\" class=\"uagb-cta__button-link-wrapper uagb-cta__block-link uagb-cta-typeof-button\" target=\"_self\" rel=\"noopener noreferrer\"><span class=\"uagb-cta__link-content-inner\"><span>Acessar<\/span><\/span><\/a><\/div><\/div><\/div><\/div><\/div>\n\n\n\n<p><\/p>\n<\/div><\/section>\n\n\n\n<div style=\"height:50px\" aria-hidden=\"true\" class=\"wp-block-spacer\"><\/div>\n\n\n\n<section class=\"wp-block-uagb-section uagb-section__wrap uagb-section__background-color uagb-block-a00fbd39\"><div class=\"uagb-section__overlay\"><\/div><div class=\"uagb-section__inner-wrap\">\n<section class=\"wp-block-uagb-columns uagb-columns__wrap uagb-columns__background-undefined uagb-columns__stack-mobile uagb-columns__valign-undefined uagb-columns__gap-10 alignundefined uagb-block-79bf016c\"><div class=\"uagb-columns__overlay\"><\/div><div class=\"uagb-columns__inner-wrap uagb-columns__columns-2\">\n<div class=\"wp-block-uagb-column uagb-column__wrap uagb-column__background-undefined uagb-block-23ff91ff\"><div class=\"uagb-column__overlay\"><\/div><div class=\"uagb-column__inner-wrap\">\n<figure class=\"wp-block-image size-large\"><img loading=\"lazy\" width=\"512\" height=\"512\" src=\"https:\/\/bmclocadora.com.br\/bmc\/wp-content\/uploads\/2020\/10\/logo-branco-512x512-1.png\" alt=\"Logo BMC Locadora\" class=\"wp-image-87\" srcset=\"https:\/\/bmclocadora.com.br\/bmc\/wp-content\/uploads\/2020\/10\/logo-branco-512x512-1.png 512w, https:\/\/bmclocadora.com.br\/bmc\/wp-content\/uploads\/2020\/10\/logo-branco-512x512-1-300x300.png 300w, https:\/\/bmclocadora.com.br\/bmc\/wp-content\/uploads\/2020\/10\/logo-branco-512x512-1-150x150.png 150w\" sizes=\"(max-width: 512px) 100vw, 512px\" \/><\/figure>\n<\/div><\/div>\n\n\n\n<div class=\"wp-block-uagb-column uagb-column__wrap uagb-column__background-undefined uagb-block-52e142bd\"><div class=\"uagb-column__overlay\"><\/div><div class=\"uagb-column__inner-wrap\">\n<p class=\"has-text-align-left\"><span class=\"has-inline-color has-white-color\">Fundada em 2003, a BMC Locadora trabalha em conjunto com a Betomaq Industrial fornecendo equipamentos de qualidade e confian\u00e7a para os setores da constru\u00e7\u00e3o civil e rodovi\u00e1ria. Possu\u00edmos uma equipe t\u00e9cnica especializada para fornecer suporte e direcionamento em rela\u00e7\u00e3o ao uso dos equipamentos para garantir que o servi\u00e7o seja devidamente realizado.<\/span><\/p>\n<\/div><\/div>\n<\/div><\/section>\n\n\n\n<section class=\"wp-block-uagb-columns uagb-columns__wrap uagb-columns__background-undefined uagb-columns__stack-mobile uagb-columns__valign-undefined uagb-columns__gap-10 alignundefined uagb-block-2d3426c7\"><div class=\"uagb-columns__overlay\"><\/div><div class=\"uagb-columns__inner-wrap uagb-columns__columns-2\">\n<div class=\"wp-block-uagb-column uagb-column__wrap uagb-column__background-color uagb-block-e0043dee\"><div class=\"uagb-column__overlay\"><\/div><div class=\"uagb-column__inner-wrap\">\n<div class=\"wp-block-uagb-info-box uagb-infobox__outer-wrap uagb-block-a6bb6ee0\"><div class=\"uagb-infobox__content-wrap uagb-infobox uagb-infobox-has-icon uagb-infobox-icon-above-title uagb-infobox-image-valign-top uagb-infobox-enable-border-radius \"><div class=\"uagb-ifb-left-right-wrap\"><div class=\"uagb-ifb-content\"><div class=\"uagb-ifb-image-icon-content uagb-ifb-imgicon-wrap\"><div class=\"uagb-ifb-icon-wrap\"><span class=\"uagb-ifb-icon\"><svg xmlns=\"http:\/\/www.w3.org\/2000\/svg\" viewbox=\"0 0 512 512\"><path d=\"M493.4 24.6l-104-24c-11.3-2.6-22.9 3.3-27.5 13.9l-48 112c-4.2 9.8-1.4 21.3 6.9 28l60.6 49.6c-36 76.7-98.9 140.5-177.2 177.2l-49.6-60.6c-6.8-8.3-18.2-11.1-28-6.9l-112 48C3.9 366.5-2 378.1.6 389.4l24 104C27.1 504.2 36.7 512 48 512c256.1 0 464-207.5 464-464 0-11.2-7.7-20.9-18.6-23.4z\"><\/path><\/svg><\/span><\/div><\/div><div class=\"uagb-ifb-title-wrap\"><span class=\"uagb-ifb-title-prefix\">WhatsApp<\/span><h3 class=\"uagb-ifb-title\"><a href=\"https:\/\/wa.me\/message\/KEO5EFYCVVLPC1\">(11) 98936-4081<\/a><\/h3><\/div><div class=\"uagb-ifb-separator-parent\"><div class=\"uagb-ifb-separator\"><\/div><\/div><div class=\"uagb-ifb-text-wrap\"><\/div><\/div><\/div><\/div><\/div>\n\n\n\n<p><\/p>\n<\/div><\/div>\n\n\n\n<div class=\"wp-block-uagb-column uagb-column__wrap uagb-column__background-undefined uagb-block-a58aecb0\"><div class=\"uagb-column__overlay\"><\/div><div class=\"uagb-column__inner-wrap\">\n<div class=\"wp-block-uagb-info-box uagb-infobox__outer-wrap uagb-block-75991a12\"><div class=\"uagb-infobox__content-wrap uagb-infobox uagb-infobox-has-icon uagb-infobox-icon-above-title uagb-infobox-image-valign-top uagb-infobox-enable-border-radius \"><div class=\"uagb-ifb-left-right-wrap\"><div class=\"uagb-ifb-content\"><div class=\"uagb-ifb-image-icon-content uagb-ifb-imgicon-wrap\"><div class=\"uagb-ifb-icon-wrap\"><span class=\"uagb-ifb-icon\"><svg xmlns=\"http:\/\/www.w3.org\/2000\/svg\" viewbox=\"0 0 576 512\"><path d=\"M160 448c-25.6 0-51.2-22.4-64-32-64-44.8-83.2-60.8-96-70.4V480c0 17.67 14.33 32 32 32h256c17.67 0 32-14.33 32-32V345.6c-12.8 9.6-32 25.6-96 70.4-12.8 9.6-38.4 32-64 32zm128-192H32c-17.67 0-32 14.33-32 32v16c25.6 19.2 22.4 19.2 115.2 86.4 9.6 6.4 28.8 25.6 44.8 25.6s35.2-19.2 44.8-22.4c92.8-67.2 89.6-67.2 115.2-86.4V288c0-17.67-14.33-32-32-32zm256-96H224c-17.67 0-32 14.33-32 32v32h96c33.21 0 60.59 25.42 63.71 57.82l.29-.22V416h192c17.67 0 32-14.33 32-32V192c0-17.67-14.33-32-32-32zm-32 128h-64v-64h64v64zm-352-96c0-35.29 28.71-64 64-64h224V32c0-17.67-14.33-32-32-32H96C78.33 0 64 14.33 64 32v192h96v-32z\"><\/path><\/svg><\/span><\/div><\/div><div class=\"uagb-ifb-title-wrap\"><span class=\"uagb-ifb-title-prefix\">E-mail<\/span><h3 class=\"uagb-ifb-title\">mkt@bmclocadora.com.br<\/h3><\/div><div class=\"uagb-ifb-separator-parent\"><div class=\"uagb-ifb-separator\"><\/div><\/div><div class=\"uagb-ifb-text-wrap\"><\/div><\/div><\/div><\/div><\/div>\n<\/div><\/div>\n<\/div><\/section>\n<\/div><\/section>\n","protected":false},"excerpt":{"rendered":"","protected":false},"author":1,"featured_media":0,"parent":0,"menu_order":0,"comment_status":"closed","ping_status":"closed","template":"","meta":[],"uagb_featured_image_src":{"full":false,"thumbnail":false,"medium":false,"medium_large":false,"large":false,"1536x1536":false,"2048x2048":false},"uagb_author_info":{"display_name":"webdesigner","author_link":"https:\/\/bmclocadora.com.br\/bmc\/author\/webdesigner\/"},"uagb_comment_info":0,"uagb_excerpt":null,"_links":{"self":[{"href":"https:\/\/bmclocadora.com.br\/bmc\/wp-json\/wp\/v2\/pages\/12"}],"collection":[{"href":"https:\/\/bmclocadora.com.br\/bmc\/wp-json\/wp\/v2\/pages"}],"about":[{"href":"https:\/\/bmclocadora.com.br\/bmc\/wp-json\/wp\/v2\/types\/page"}],"author":[{"embeddable":true,"href":"https:\/\/bmclocadora.com.br\/bmc\/wp-json\/wp\/v2\/users\/1"}],"replies":[{"embeddable":true,"href":"https:\/\/bmclocadora.com.br\/bmc\/wp-json\/wp\/v2\/comments?post=12"}],"version-history":[{"count":82,"href":"https:\/\/bmclocadora.com.br\/bmc\/wp-json\/wp\/v2\/pages\/12\/revisions"}],"predecessor-version":[{"id":298,"href":"https:\/\/bmclocadora.com.br\/bmc\/wp-json\/wp\/v2\/pages\/12\/revisions\/298"}],"wp:attachment":[{"href":"https:\/\/bmclocadora.com.br\/bmc\/wp-json\/wp\/v2\/media?parent=12"}],"curies":[{"name":"wp","href":"https:\/\/api.w.org\/{rel}","templated":true}]}}