{"id":215,"date":"2020-10-15T14:11:51","date_gmt":"2020-10-15T17:11:51","guid":{"rendered":"https:\/\/bmclocadora.com.br\/bmc\/?page_id=215"},"modified":"2020-10-16T08:53:37","modified_gmt":"2020-10-16T11:53:37","slug":"bombas-projecao-argamassa","status":"publish","type":"page","link":"https:\/\/bmclocadora.com.br\/bmc\/produtos\/bombas-projecao-argamassa\/","title":{"rendered":"Bombas de proje\u00e7\u00e3o de argamassa"},"content":{"rendered":"\n<section class=\"wp-block-uagb-section uagb-section__wrap uagb-section__background-undefined uagb-block-11391be9\"><div class=\"uagb-section__overlay\"><\/div><div class=\"uagb-section__inner-wrap\">\n<h2>Bomba de proje\u00e7\u00e3o de argamassa Betomaq BC25 evo<\/h2>\n\n\n\n<section class=\"wp-block-uagb-columns uagb-columns__wrap uagb-columns__background-undefined uagb-columns__stack-mobile uagb-columns__valign-undefined uagb-columns__gap-10 alignundefined uagb-block-cb16ca56\"><div class=\"uagb-columns__overlay\"><\/div><div class=\"uagb-columns__inner-wrap uagb-columns__columns-2\">\n<div class=\"wp-block-uagb-column uagb-column__wrap uagb-column__background-undefined uagb-block-5494e20e\"><div class=\"uagb-column__overlay\"><\/div><div class=\"uagb-column__inner-wrap\">\n<figure class=\"wp-block-image size-large\"><img loading=\"lazy\" width=\"350\" height=\"400\" src=\"https:\/\/bmclocadora.com.br\/bmc\/wp-content\/uploads\/2020\/10\/bc25-350x400-1.jpg\" alt=\"Bomba de proje\u00e7\u00e3o de argamassa\" class=\"wp-image-189\" srcset=\"https:\/\/bmclocadora.com.br\/bmc\/wp-content\/uploads\/2020\/10\/bc25-350x400-1.jpg 350w, https:\/\/bmclocadora.com.br\/bmc\/wp-content\/uploads\/2020\/10\/bc25-350x400-1-263x300.jpg 263w\" sizes=\"(max-width: 350px) 100vw, 350px\" \/><figcaption>Bomba de proje\u00e7\u00e3o de argamassa<\/figcaption><\/figure>\n<\/div><\/div>\n\n\n\n<div class=\"wp-block-uagb-column uagb-column__wrap uagb-column__background-undefined uagb-block-7403b441\"><div class=\"uagb-column__overlay\"><\/div><div class=\"uagb-column__inner-wrap\">\n<p>   <strong>Bomba de inje\u00e7\u00e3o de argamassa Betomaq BC25<\/strong> evo, destinada ao bombeio de natas e argamassas.<\/p>\n\n\n\n<p>   Compressor el\u00e9trico de 10 PCM incorporado \u00e0 estrutura da bomba e painel el\u00e9trico completo com sistema de controle remoto pneum\u00e1tico para o comando da bomba \u00e0 partir da pistola de proje\u00e7\u00e3o. Estrutura compacta montada sobre conjunto rodante pneum\u00e1tico.<\/p>\n<\/div><\/div>\n<\/div><\/section>\n\n\n\n<figure class=\"wp-block-table is-style-stripes\"><table><tbody><tr><td>Capacidade da ca\u00e7amba<\/td><td>125 L<\/td><\/tr><tr><td>Unidade bomba<\/td><td>1L6<\/td><\/tr><tr><td>Acionamento<\/td><td>Motoredutor 2,2 KW\/3CV<br>Monof\u00e1sico 220V<br>Trif\u00e1sico 220\/380v<\/td><\/tr><tr><td>Capacidade te\u00f3rica<\/td><td>25 l\/min<\/td><\/tr><tr><td>Press\u00e3o nominal de trabalho<\/td><td>At\u00e9 15 bar<\/td><\/tr><tr><td>Alcance m\u00e1ximo vertical*<\/td><td>30 m<\/td><\/tr><tr><td>Flange de sa\u00edda<\/td><td>\u00d8 1 1\/2<\/td><\/tr><tr><td>Granulometria m\u00e1xima<\/td><td>6 mm<\/td><\/tr><tr><td>Dimens\u00f5es<\/td><td>A=800 L=760 C=1750<\/td><\/tr><tr><td>Peso<\/td><td>180 kg<\/td><\/tr><tr><td>Compressor incorporado<\/td><td>280l\/min 5.5 bar<\/td><\/tr><\/tbody><\/table><figcaption>* Depende do material<\/figcaption><\/figure>\n\n\n\n<p><\/p>\n<\/div><\/section>\n\n\n\n<hr class=\"wp-block-separator has-text-color has-background has-black-background-color has-black-color is-style-wide\"\/>\n\n\n\n<section class=\"wp-block-uagb-section uagb-section__wrap uagb-section__background-undefined uagb-block-b17cbd61\"><div class=\"uagb-section__overlay\"><\/div><div class=\"uagb-section__inner-wrap\">\n<h2>Bomba de proje\u00e7\u00e3o de argamassa Betomaq BC40<\/h2>\n\n\n\n<section class=\"wp-block-uagb-columns uagb-columns__wrap uagb-columns__background-undefined uagb-columns__stack-mobile uagb-columns__valign-undefined uagb-columns__gap-10 alignundefined uagb-block-2e90374d\"><div class=\"uagb-columns__overlay\"><\/div><div class=\"uagb-columns__inner-wrap uagb-columns__columns-2\">\n<div class=\"wp-block-uagb-column uagb-column__wrap uagb-column__background-undefined uagb-block-d87dc2d4\"><div class=\"uagb-column__overlay\"><\/div><div class=\"uagb-column__inner-wrap\">\n<figure class=\"wp-block-image size-large\"><img loading=\"lazy\" width=\"350\" height=\"400\" src=\"https:\/\/bmclocadora.com.br\/bmc\/wp-content\/uploads\/2020\/10\/bc25-350x400-1.jpg\" alt=\"Bomba de proje\u00e7\u00e3o de argamassa\" class=\"wp-image-189\" srcset=\"https:\/\/bmclocadora.com.br\/bmc\/wp-content\/uploads\/2020\/10\/bc25-350x400-1.jpg 350w, https:\/\/bmclocadora.com.br\/bmc\/wp-content\/uploads\/2020\/10\/bc25-350x400-1-263x300.jpg 263w\" sizes=\"(max-width: 350px) 100vw, 350px\" \/><figcaption>Bomba de proje\u00e7\u00e3o de argamassa<\/figcaption><\/figure>\n<\/div><\/div>\n\n\n\n<div class=\"wp-block-uagb-column uagb-column__wrap uagb-column__background-undefined uagb-block-fffd2484\"><div class=\"uagb-column__overlay\"><\/div><div class=\"uagb-column__inner-wrap\">\n<p>   <strong>Bomba de inje\u00e7\u00e3o de argamassa Betomaq BC40<\/strong> evo, destinada ao bombeio de natas e argamassas.<\/p>\n\n\n\n<p>   Compressor el\u00e9trico de 10 PCM incorporado \u00e0 estrutura da bomba e painel el\u00e9trico completo com sistema de controle remoto pneum\u00e1tico para o comando da bomba \u00e0 partir da pistola de proje\u00e7\u00e3o. Estrutura compacta montada sobre conjunto rodante pneum\u00e1tico.<\/p>\n<\/div><\/div>\n<\/div><\/section>\n\n\n\n<figure class=\"wp-block-table is-style-stripes\"><table><tbody><tr><td>Capacidade da ca\u00e7amba<\/td><td>125 L<\/td><\/tr><tr><td>Unidade bomba<\/td><td>1L6<\/td><\/tr><tr><td>Acionamento<\/td><td>Motoredutor 3,7 KW\/5CV<br>Trif\u00e1sico 440v<\/td><\/tr><tr><td>Capacidade te\u00f3rica<\/td><td>25 l\/min<\/td><\/tr><tr><td>Press\u00e3o nominal de trabalho<\/td><td>At\u00e9 15 bar<\/td><\/tr><tr><td>Alcance m\u00e1ximo vertical*<\/td><td>30 m<\/td><\/tr><tr><td>Flange de sa\u00edda<\/td><td>\u00d8 1 1\/2<\/td><\/tr><tr><td>Granulometria m\u00e1xima<\/td><td>6 mm<\/td><\/tr><tr><td>Dimens\u00f5es<\/td><td>A=800 L=760 C=1750<\/td><\/tr><tr><td>Peso<\/td><td>180 kg<\/td><\/tr><tr><td>Compressor incorporado<\/td><td>280l\/min 5.5 bar<\/td><\/tr><\/tbody><\/table><figcaption>* Depende do material<\/figcaption><\/figure>\n\n\n\n<p><\/p>\n<\/div><\/section>\n\n\n\n<p><\/p>\n","protected":false},"excerpt":{"rendered":"","protected":false},"author":1,"featured_media":0,"parent":37,"menu_order":0,"comment_status":"closed","ping_status":"closed","template":"","meta":[],"uagb_featured_image_src":{"full":false,"thumbnail":false,"medium":false,"medium_large":false,"large":false,"1536x1536":false,"2048x2048":false},"uagb_author_info":{"display_name":"webdesigner","author_link":"https:\/\/bmclocadora.com.br\/bmc\/author\/webdesigner\/"},"uagb_comment_info":0,"uagb_excerpt":null,"_links":{"self":[{"href":"https:\/\/bmclocadora.com.br\/bmc\/wp-json\/wp\/v2\/pages\/215"}],"collection":[{"href":"https:\/\/bmclocadora.com.br\/bmc\/wp-json\/wp\/v2\/pages"}],"about":[{"href":"https:\/\/bmclocadora.com.br\/bmc\/wp-json\/wp\/v2\/types\/page"}],"author":[{"embeddable":true,"href":"https:\/\/bmclocadora.com.br\/bmc\/wp-json\/wp\/v2\/users\/1"}],"replies":[{"embeddable":true,"href":"https:\/\/bmclocadora.com.br\/bmc\/wp-json\/wp\/v2\/comments?post=215"}],"version-history":[{"count":5,"href":"https:\/\/bmclocadora.com.br\/bmc\/wp-json\/wp\/v2\/pages\/215\/revisions"}],"predecessor-version":[{"id":236,"href":"https:\/\/bmclocadora.com.br\/bmc\/wp-json\/wp\/v2\/pages\/215\/revisions\/236"}],"up":[{"embeddable":true,"href":"https:\/\/bmclocadora.com.br\/bmc\/wp-json\/wp\/v2\/pages\/37"}],"wp:attachment":[{"href":"https:\/\/bmclocadora.com.br\/bmc\/wp-json\/wp\/v2\/media?parent=215"}],"curies":[{"name":"wp","href":"https:\/\/api.w.org\/{rel}","templated":true}]}}