{"id":257,"date":"2020-10-16T09:47:12","date_gmt":"2020-10-16T12:47:12","guid":{"rendered":"https:\/\/bmclocadora.com.br\/bmc\/?page_id=257"},"modified":"2020-10-16T09:47:14","modified_gmt":"2020-10-16T12:47:14","slug":"fresadora-de-piso-f30","status":"publish","type":"page","link":"https:\/\/bmclocadora.com.br\/bmc\/produtos\/fresadora-de-piso-f30\/","title":{"rendered":"Fresadora de piso F30"},"content":{"rendered":"\n<section class=\"wp-block-uagb-section uagb-section__wrap uagb-section__background-undefined uagb-block-04668128\"><div class=\"uagb-section__overlay\"><\/div><div class=\"uagb-section__inner-wrap\">\n<h2>Fresadora de piso Betomaq F30<\/h2>\n\n\n\n<section class=\"wp-block-uagb-columns uagb-columns__wrap uagb-columns__background-undefined uagb-columns__stack-mobile uagb-columns__valign-undefined uagb-columns__gap-10 alignundefined uagb-block-d1837e58\"><div class=\"uagb-columns__overlay\"><\/div><div class=\"uagb-columns__inner-wrap uagb-columns__columns-2\">\n<div class=\"wp-block-uagb-column uagb-column__wrap uagb-column__background-undefined uagb-block-09a60b24\"><div class=\"uagb-column__overlay\"><\/div><div class=\"uagb-column__inner-wrap\">\n<figure class=\"wp-block-image size-large\"><img loading=\"lazy\" width=\"350\" height=\"400\" src=\"https:\/\/bmclocadora.com.br\/bmc\/wp-content\/uploads\/2020\/10\/f30-350x400-1.jpg\" alt=\"Fresadora de piso Betomaq F30\" class=\"wp-image-200\" srcset=\"https:\/\/bmclocadora.com.br\/bmc\/wp-content\/uploads\/2020\/10\/f30-350x400-1.jpg 350w, https:\/\/bmclocadora.com.br\/bmc\/wp-content\/uploads\/2020\/10\/f30-350x400-1-263x300.jpg 263w\" sizes=\"(max-width: 350px) 100vw, 350px\" \/><\/figure>\n<\/div><\/div>\n\n\n\n<div class=\"wp-block-uagb-column uagb-column__wrap uagb-column__background-undefined uagb-block-02272a3e\"><div class=\"uagb-column__overlay\"><\/div><div class=\"uagb-column__inner-wrap\">\n<p>Fresa da linha pesada, robusta e capaz de trabalhar com um extenso leque de ferramentas.<\/p>\n\n\n\n<p>Ideal para servi\u00e7os pesados, prepara\u00e7\u00e3o de superf\u00edcies de concreto, asfalto ou a\u00e7o, remo\u00e7\u00e3o de revestimentos, desbaste, regulariza\u00e7\u00e3o, etc.<\/p>\n\n\n\n<p>Capaz de gerar acabamentos nos padr\u00f5es SP-3 \u00e0 SP-10 de acordo com o conjunto de ferramentas. utilizado.<\/p>\n<\/div><\/div>\n<\/div><\/section>\n\n\n\n<figure class=\"wp-block-table is-style-stripes\"><table><tbody><tr><td><strong>Largura m\u00e1xima nominal de trabalho<\/strong><\/td><td>300 mm<\/td><\/tr><tr><td><strong>Rendimento *<\/strong><\/td><td>20 a 50 m<sup>2<\/sup>\/h<\/td><\/tr><tr><td><strong>Profundidade m\u00e1x. de corte por passada<\/strong><\/td><td>3 a 6 mm<\/td><\/tr><tr><td><strong>N\u00ba de eixos por tambor \u00d81\/2&#8243;<\/strong><\/td><td>4<\/td><\/tr><tr><td><strong>Sa\u00edda para aspirador<\/strong><\/td><td>2-3&#8243; (50\/75mm)<\/td><\/tr><tr><td><strong>Acionamento<\/strong><\/td><td>Monof\u00e1sico 4CV<br>Trif\u00e1sico 5CV<br>\u00c0 gasolina 6,5 Hp Toyama<\/td><\/tr><tr><td><strong>Dimens\u00f5es (C x L x H)<\/strong><\/td><td>1200 x 550 x 900 mm<\/td><\/tr><tr><td><strong>Peso aproximado<\/strong><\/td><td>180 kg<\/td><\/tr><\/tbody><\/table><\/figure>\n<\/div><\/section>\n","protected":false},"excerpt":{"rendered":"","protected":false},"author":1,"featured_media":0,"parent":37,"menu_order":0,"comment_status":"closed","ping_status":"closed","template":"","meta":[],"uagb_featured_image_src":{"full":false,"thumbnail":false,"medium":false,"medium_large":false,"large":false,"1536x1536":false,"2048x2048":false},"uagb_author_info":{"display_name":"webdesigner","author_link":"https:\/\/bmclocadora.com.br\/bmc\/author\/webdesigner\/"},"uagb_comment_info":0,"uagb_excerpt":null,"_links":{"self":[{"href":"https:\/\/bmclocadora.com.br\/bmc\/wp-json\/wp\/v2\/pages\/257"}],"collection":[{"href":"https:\/\/bmclocadora.com.br\/bmc\/wp-json\/wp\/v2\/pages"}],"about":[{"href":"https:\/\/bmclocadora.com.br\/bmc\/wp-json\/wp\/v2\/types\/page"}],"author":[{"embeddable":true,"href":"https:\/\/bmclocadora.com.br\/bmc\/wp-json\/wp\/v2\/users\/1"}],"replies":[{"embeddable":true,"href":"https:\/\/bmclocadora.com.br\/bmc\/wp-json\/wp\/v2\/comments?post=257"}],"version-history":[{"count":1,"href":"https:\/\/bmclocadora.com.br\/bmc\/wp-json\/wp\/v2\/pages\/257\/revisions"}],"predecessor-version":[{"id":258,"href":"https:\/\/bmclocadora.com.br\/bmc\/wp-json\/wp\/v2\/pages\/257\/revisions\/258"}],"up":[{"embeddable":true,"href":"https:\/\/bmclocadora.com.br\/bmc\/wp-json\/wp\/v2\/pages\/37"}],"wp:attachment":[{"href":"https:\/\/bmclocadora.com.br\/bmc\/wp-json\/wp\/v2\/media?parent=257"}],"curies":[{"name":"wp","href":"https:\/\/api.w.org\/{rel}","templated":true}]}}